{"id":1176,"date":"2024-06-05T15:45:55","date_gmt":"2024-06-05T22:45:55","guid":{"rendered":"https:\/\/starsreach.com\/?page_id=1176"},"modified":"2025-02-11T15:12:07","modified_gmt":"2025-02-11T23:12:07","slug":"overview","status":"publish","type":"page","link":"https:\/\/starsreach.com\/fr\/overview\/","title":{"rendered":"Vue d'ensemble"},"content":{"rendered":"<p><div class=\"fusion-fullwidth fullwidth-box fusion-builder-row-1 fusion-flex-container has-pattern-background has-mask-background fusion-parallax-none nonhundred-percent-fullwidth non-hundred-percent-height-scrolling lazyload\" style=\"--awb-border-radius-top-left:0px;--awb-border-radius-top-right:0px;--awb-border-radius-bottom-right:0px;--awb-border-radius-bottom-left:0px;--awb-background-size:cover;--awb-flex-wrap:wrap;\" data-bg=\"https:\/\/starsreach.com\/wp-content\/uploads\/2024\/06\/Ever_Growing_Galaxy-1.jpg\" ><div class=\"fusion-builder-row fusion-row fusion-flex-align-items-flex-start fusion-flex-content-wrap\" style=\"max-width:1248px;margin-left: calc(-4% \/ 2 );margin-right: calc(-4% \/ 2 );\"><div class=\"fusion-layout-column fusion_builder_column fusion-builder-column-0 fusion_builder_column_1_1 1_1 fusion-flex-column\" style=\"--awb-bg-size:cover;--awb-width-large:100%;--awb-margin-top-large:0px;--awb-spacing-right-large:1.92%;--awb-margin-bottom-large:20px;--awb-spacing-left-large:1.92%;--awb-width-medium:100%;--awb-order-medium:0;--awb-spacing-right-medium:1.92%;--awb-spacing-left-medium:1.92%;--awb-width-small:100%;--awb-order-small:0;--awb-spacing-right-small:1.92%;--awb-spacing-left-small:1.92%;\"><div class=\"fusion-column-wrapper fusion-column-has-shadow fusion-flex-justify-content-flex-start fusion-content-layout-column\"><div class=\"fusion-text fusion-text-1 fusion-text-no-margin page-heading\" style=\"--awb-font-size:4em;--awb-text-transform:uppercase;--awb-text-color:var(--awb-custom_color_6);--awb-margin-top:100px;--awb-margin-right:10%;--awb-margin-bottom:100px;--awb-margin-left:10%;--awb-text-font-family:&quot;KoHo&quot;;--awb-text-font-style:normal;--awb-text-font-weight:600;\"><h1 style=\"text-align: center; color: white\"><strong>VUE D'ENSEMBLE<\/strong><\/h1>\n<\/div><\/div><\/div><\/div><\/div><div class=\"fusion-fullwidth fullwidth-box fusion-builder-row-2 fusion-flex-container has-pattern-background has-mask-background nonhundred-percent-fullwidth non-hundred-percent-height-scrolling\" style=\"--awb-border-radius-top-left:0px;--awb-border-radius-top-right:0px;--awb-border-radius-bottom-right:0px;--awb-border-radius-bottom-left:0px;--awb-background-color:var(--awb-color6);--awb-flex-wrap:wrap;\" ><div class=\"fusion-builder-row fusion-row fusion-flex-align-items-flex-start fusion-flex-content-wrap\" style=\"max-width:1248px;margin-left: calc(-4% \/ 2 );margin-right: calc(-4% \/ 2 );\"><div class=\"fusion-layout-column fusion_builder_column fusion-builder-column-1 fusion_builder_column_1_1 1_1 fusion-flex-column\" style=\"--awb-padding-right-small:10%;--awb-padding-left-small:10%;--awb-bg-color-small:var(--awb-color6);--awb-bg-size:cover;--awb-width-large:100%;--awb-margin-top-large:0px;--awb-spacing-right-large:0%;--awb-margin-bottom-large:20px;--awb-spacing-left-large:0%;--awb-width-medium:100%;--awb-order-medium:0;--awb-spacing-right-medium:0%;--awb-spacing-left-medium:0%;--awb-width-small:100%;--awb-order-small:0;--awb-spacing-right-small:0%;--awb-spacing-left-small:0%;\"><div class=\"fusion-column-wrapper fusion-column-has-shadow fusion-flex-justify-content-flex-start fusion-content-layout-column\"><div class=\"fusion-separator fusion-full-width-sep\" style=\"align-self: center;margin-left: auto;margin-right: auto;width:100%;\"><div class=\"fusion-separator-border sep-double\" style=\"--awb-height:20px;--awb-amount:20px;--awb-sep-color:rgba(201,201,201,0);border-color:rgba(201,201,201,0);border-top-width:40px;border-bottom-width:40px;\"><\/div><\/div><div class=\"fusion-flip-boxes flip-boxes row fusion-columns-1 flip-effect-3d flip-box\"><div class=\"fusion-flip-box-wrapper fusion-column col-lg-12 col-md-12 col-sm-12\"><div class=\"fusion-flip-box flip-down fusion-animated\" tabindex=\"0\" data-animationtype=\"fadeIn\" data-animationduration=\"0.3\" data-animationoffset=\"top-into-view\"><div class=\"flip-box-inner-wrapper\"><div class=\"flip-box-front\" style=\"--awb-text-front-color:var(--awb-custom_color_6);--awb-background-image-front:url(&#039;https:\/\/starsreach.com\/wp-content\/uploads\/2024\/06\/Jpg-5.jpg&#039;);\"><div class=\"flip-box-front-inner\"><h2 class=\"flip-box-heading\">GALAXIE VIVANTE<\/h2>CLICK TO READ<\/div><\/div><div class=\"flip-box-back\" style=\"--awb-background-color-back:var(--awb-custom_color_4);--awb-background-image-back:url(&#039;https:\/\/starsreach.com\/wp-content\/uploads\/2024\/07\/Flipcard1.jpg&#039;);\"><div class=\"flip-box-back-inner\"><h3 class=\"flip-box-heading-back\">BIENVENUE DANS LA GALAXIE VIVANTE DE STARS REACH.<\/h3>\n<p style=\"text-align: left;\">Propos\u00e9 par le concepteur de&nbsp;<em>Ultima Online<\/em>&nbsp;et&nbsp;<em>Galaxies de la Guerre des \u00e9toiles<\/em>STARS REACH a pour but de tenir la promesse de ce que les mondes en ligne peuvent \u00eatre.<\/p>\n<p style=\"text-align: left;\">Il s'agit d'une galaxie unique, sans fronti\u00e8res, remplie de plan\u00e8tes vivantes \u00e0 explorer, \u00e0 coloniser et \u00e0 gouverner avec vos amis. Des milliers de plan\u00e8tes et de zones spatiales, toutes persistantes que vous soyez en ligne ou non, toutes connect\u00e9es en un seul jeu multijoueur galactique en ligne.<\/p>\n<p style=\"text-align: left;\">Il s'agit d'un jeu de r\u00f4le en bac \u00e0 sable massivement multijoueur avec un arbre de comp\u00e9tences profond et un syst\u00e8me de progression horizontale, des douzaines de professions, sans classes, ni genres, ni rails ennuyeux. Si vous d\u00e9cidez de changer de style de jeu, il vous suffit de laisser certaines comp\u00e9tences tomber en d\u00e9su\u00e9tude et d'apprendre quelque chose d'autre. Le jeu est con\u00e7u pour vous plonger dans un monde alternatif d'aventures.<\/p>\n<p style=\"text-align: left;\">Cette immense galaxie ne vous emp\u00eachera pas de vous amuser instantan\u00e9ment. T\u00e9l\u00e9chargez vos ondes c\u00e9r\u00e9brales dans un corps clone proche de vos amis. Amusez-vous en cinq minutes ou passez des heures \u00e0 d\u00e9corer votre maison. C'est un jeu en ligne moderne qui respecte votre temps et vos pr\u00e9f\u00e9rences.<\/p>\n<p><!-- notionvc: a00afb9f-f142-477d-9a0a-355ac0f804e0 --><\/div><\/div><\/div><\/div><\/div><\/div><div class=\"fusion-flip-boxes flip-boxes row fusion-columns-2 flip-effect-3d equal-heights flip-box\"><div class=\"fusion-flip-box-wrapper fusion-column col-lg-6 col-md-6 col-sm-6\"><div class=\"fusion-flip-box flip-down fusion-animated\" tabindex=\"0\" data-animationtype=\"fadeIn\" data-animationduration=\"0.3\" data-animationoffset=\"top-into-view\"><div class=\"flip-box-inner-wrapper\"><div class=\"flip-box-front\" style=\"--awb-text-front-color:var(--awb-custom_color_6);--awb-background-image-front:url(&#039;https:\/\/starsreach.com\/wp-content\/uploads\/2025\/01\/Died-On-Pyromycis.jpg&#039;);\"><div class=\"flip-box-front-inner\"><h2 class=\"flip-box-heading\">COMBATTRE DES CR\u00c9ATURES EXTRATERRESTRES<\/h2>CLICK TO READ<\/div><\/div><div class=\"flip-box-back\" style=\"--awb-background-color-back:var(--awb-custom_color_4);--awb-background-image-back:url(&#039;https:\/\/starsreach.com\/wp-content\/uploads\/2024\/07\/Flipcard2.jpg&#039;);\"><div class=\"flip-box-back-inner\"><h3 class=\"flip-box-heading-back\">COMBATTEZ DES CR\u00c9ATURES EXTRATERRESTRES SUR LA FRONTI\u00c8RE GALACTIQUE<\/h3>Combat d'arcade \u00e0 la troisi\u00e8me personne avec un soup\u00e7on d'enfer de balles ! Esquivez et faufilez-vous, ou utilisez votre bouclier r\u00e9flecteur pour faire rebondir les rayons d'\u00e9nergie sur vos ennemis. Diff\u00e9rentes armes et un syst\u00e8me d'embo\u00eetement de modules vous permettent d'apprendre des dizaines de techniques de combat. Vous ne savez pas viser ? Pas de souci : choisissez des armes et des comp\u00e9tences avec un syst\u00e8me de ciblage classique ou des balles \u00e0 t\u00eate chercheuse ! Et surtout, vous pouvez toujours jouer avec vos amis, car notre syst\u00e8me de progression horizontale ne s\u00e9pare pas les joueurs.<\/div><\/div><\/div><\/div><\/div><div class=\"fusion-flip-box-wrapper fusion-column col-lg-6 col-md-6 col-sm-6\"><div class=\"fusion-flip-box flip-down fusion-animated\" tabindex=\"0\" data-animationtype=\"fadeIn\" data-animationduration=\"0.3\" data-animationoffset=\"top-into-view\"><div class=\"flip-box-inner-wrapper\"><div class=\"flip-box-front\" style=\"--awb-text-front-color:var(--awb-custom_color_6);--awb-background-image-front:url(&#039;https:\/\/starsreach.com\/wp-content\/uploads\/2025\/01\/SR_Surveying-Space_V2.jpg&#039;);\"><div class=\"flip-box-front-inner\"><h2 class=\"flip-box-heading\">D\u00c9COUVERTE<\/h2>CLICK TO READ<\/div><\/div><div class=\"flip-box-back\" style=\"--awb-background-color-back:var(--awb-custom_color_4);--awb-background-image-back:url(&#039;https:\/\/starsreach.com\/wp-content\/uploads\/2024\/07\/Flipcard3.jpg&#039;);\"><div class=\"flip-box-back-inner\"><h3 class=\"flip-box-heading-back\">D\u00c9COUVRIR DES LABORATOIRES EXTRATERRESTRES ABANDONN\u00c9S SOUS UN GLACIER GEL\u00c9<\/h3>Explorez et cartographiez des mondes nouvellement d\u00e9couverts de l'autre c\u00f4t\u00e9 des trous de ver, habit\u00e9s par des cr\u00e9atures extradimensionnelles. Chaque plan\u00e8te abrite une flore et une faune inconnues dont l'intelligence, le comportement et le go\u00fbt pour la chair humaine varient. Et chaque monde est&nbsp;<span class=\"notion-enable-hover\" data-token-index=\"1\">vivant<\/span>. Laissez-vous emporter par le courant d'une rivi\u00e8re en furie ou regardez une for\u00eat br\u00fbler lorsque vous ratez imprudemment votre tir. Ce sont des plan\u00e8tes o\u00f9 les arbres poussent et l'eau coule, o\u00f9 les cr\u00e9atures vivent leur vie en migrant et en rivalisant. Des plan\u00e8tes o\u00f9 les saisons changent et o\u00f9 ce que vous faites \u00e0 l'environnement qui vous entoure persiste - et a de l'importance.<!-- notionvc: 33c43190-0a14-4dc0-9d13-ff937eefad58 --><\/div><\/div><\/div><\/div><\/div><\/div><div class=\"fusion-flip-boxes flip-boxes row fusion-columns-2 flip-effect-3d equal-heights flip-box\"><div class=\"fusion-flip-box-wrapper fusion-column col-lg-6 col-md-6 col-sm-6\"><div class=\"fusion-flip-box flip-down fusion-animated\" tabindex=\"0\" data-animationtype=\"fadeIn\" data-animationduration=\"0.3\" data-animationoffset=\"top-into-view\"><div class=\"flip-box-inner-wrapper\"><div class=\"flip-box-front\" style=\"--awb-text-front-color:var(--awb-custom_color_6);--awb-background-image-front:url(&#039;https:\/\/starsreach.com\/wp-content\/uploads\/2024\/06\/Jpg-17.jpg&#039;);\"><div class=\"flip-box-front-inner\"><h2 class=\"flip-box-heading\">L'EXPLORATION DES RESSOURCES<\/h2>CLICK TO READ<\/div><\/div><div class=\"flip-box-back\" style=\"--awb-background-color-back:var(--awb-custom_color_4);--awb-background-image-back:url(&#039;https:\/\/starsreach.com\/wp-content\/uploads\/2024\/07\/Flipcard4.jpg&#039;);\"><div class=\"flip-box-back-inner\"><h3 class=\"flip-box-heading-back\">TROUVER LA DERNI\u00c8RE VEINE DE CRISTAL ARCTURIEN DE TOUTE LA GALAXIE DANS LES ENTRAILLES D'UN AST\u00c9RO\u00cfDE<\/h3>Chaque plan\u00e8te et zone spatiale poss\u00e8de des ressources uniques avec des statistiques uniques. Vous pouvez m\u00eame miner une plan\u00e8te, auquel cas vous devrez d\u00e9couvrir de nouveaux mondes contenant les mat\u00e9riaux dont vous avez besoin. Creusez des tunnels dans le paysage en tant que mineur ou cr\u00e9ez une ferme o\u00f9 vous ferez pousser du bl\u00e9 violet sous un ciel rouge sang. Gr\u00e2ce \u00e0 la simulation du monde vivant, les strat\u00e9gies de recherche, d'agriculture, d'exploitation mini\u00e8re et de r\u00e9colte n'ont jamais \u00e9t\u00e9 aussi riches.<br \/>\n<!-- notionvc: 33c43190-0a14-4dc0-9d13-ff937eefad58 --><\/div><\/div><\/div><\/div><\/div><div class=\"fusion-flip-box-wrapper fusion-column col-lg-6 col-md-6 col-sm-6\"><div class=\"fusion-flip-box flip-down fusion-animated\" tabindex=\"0\" data-animationtype=\"fadeIn\" data-animationduration=\"0.3\" data-animationoffset=\"top-into-view\"><div class=\"flip-box-inner-wrapper\"><div class=\"flip-box-front\" style=\"--awb-text-front-color:var(--awb-custom_color_6);--awb-background-image-front:url(&#039;https:\/\/starsreach.com\/wp-content\/uploads\/2024\/06\/Stars_Reach_0070.jpg&#039;);\"><div class=\"flip-box-front-inner\"><h2 class=\"flip-box-heading\">MODIFIER L'ENVIRONNEMENT<\/h2>CLICK TO READ<\/div><\/div><div class=\"flip-box-back\" style=\"--awb-background-color-back:var(--awb-custom_color_4);--awb-background-image-back:url(&#039;https:\/\/starsreach.com\/wp-content\/uploads\/2024\/07\/Flipcard5.jpg&#039;);\"><div class=\"flip-box-back-inner\"><h3 class=\"flip-box-heading-back\">REDIRIGER UNE RIVI\u00c8RE, CONSTRUIRE DES ROUTES, CR\u00c9ER UNE CEINTURE D'AST\u00c9RO\u00cfDES OU APLATIR UNE MONTAGNE<\/h3>Nos environnements multijoueurs partag\u00e9s sont enti\u00e8rement persistants et modifiables. Vous pouvez sculpter le terrain, r\u00e9colter et replanter des buissons et des arbres, et changer l'endroit o\u00f9 l'eau coule pour irriguer un d\u00e9sert et le faire fleurir. Le combat s'am\u00e9liore lorsque vous pouvez faire tomber une falaise sur vos ennemis. L'artisanat s'am\u00e9liore lorsque vous cr\u00e9ez des complexes miniers souterrains. L'agriculture s'am\u00e9liore lorsque les saisons et la qualit\u00e9 du sol ont de l'importance. Et faire d'un lieu votre maison virtuelle n'a jamais \u00e9t\u00e9 aussi expressif.<br \/>\n<!-- notionvc: 33c43190-0a14-4dc0-9d13-ff937eefad58 --><\/div><\/div><\/div><\/div><\/div><\/div><div class=\"fusion-flip-boxes flip-boxes row fusion-columns-1 flip-effect-3d equal-heights flip-box\"><div class=\"fusion-flip-box-wrapper fusion-column col-lg-12 col-md-12 col-sm-12\"><div class=\"fusion-flip-box flip-down fusion-animated\" tabindex=\"0\" data-animationtype=\"fadeIn\" data-animationduration=\"0.3\" data-animationoffset=\"top-into-view\"><div class=\"flip-box-inner-wrapper\"><div class=\"flip-box-front\" style=\"--awb-title-front-color:var(--awb-color1);--awb-text-front-color:var(--awb-custom_color_6);--awb-background-image-front:url(&#039;https:\/\/starsreach.com\/wp-content\/uploads\/2024\/06\/Jpg-14.jpg&#039;);\"><div class=\"flip-box-front-inner\"><h2 class=\"flip-box-heading\">ARTISANAT ET COMMERCE<\/h2>CLICK TO READ<\/div><\/div><div class=\"flip-box-back\" style=\"--awb-background-color-back:var(--awb-custom_color_4);--awb-background-image-back:url(&#039;https:\/\/starsreach.com\/wp-content\/uploads\/2024\/07\/Flipcard_6.jpg&#039;);\"><div class=\"flip-box-back-inner\"><h3 class=\"flip-box-heading-back\">DEVENIR LE PLUS C\u00c9L\u00c8BRE FOURNISSEUR DE MOTEURS DE VAISSEAUX SPATIAUX ET R\u00c9GNER SUR UN EMPIRE COMMERCIAL<\/h3>Fabriquez des milliers d'objets utiles et d\u00e9coratifs, dans un syst\u00e8me d'artisanat profond qui fait appel \u00e0 la fois \u00e0 la production de masse et \u00e0 l'artisanat, avec la possibilit\u00e9 d'exp\u00e9rimenter sur les statistiques pour cr\u00e9er des r\u00e9sultats uniques. Personnalisez visuellement vos objets et d\u00e9veloppez votre notori\u00e9t\u00e9 dans le jeu. Vous comptez autant que les combattants dans cette galaxie.<!-- notionvc: 33c43190-0a14-4dc0-9d13-ff937eefad58 --><\/p>\n<h3 style=\"color: white;\"><strong><span class=\"notion-enable-hover\" data-token-index=\"0\">GAGNER SA VIE EN TANT QUE M\u00c9CANICIEN DANS UNE STATION SPATIALE EN D\u00c9SORDRE AU BORD D'UNE N\u00c9BULEUSE PEUPL\u00c9E DE M\u00c9CHANTES ARAIGN\u00c9ES DE L'ESPACE.<\/span><\/strong><!-- notionvc: c0c7e4da-eeb7-4443-8653-bf2ef688a474 --><\/h3>\n<p>Tenez une boutique ou une taverne \u00e0 la p\u00e9riph\u00e9rie de l'espace civilis\u00e9. Vendez vos \u00e9chantillons g\u00e9n\u00e9tiques provenant de l'exploration de plan\u00e8tes. Devenez explorateur et vendez des cartes de mondes vierges. Achetez \u00e0 bas prix, vendez \u00e0 prix fort, et passez en contrebande des artefacts Old One clandestins \u00e0 travers les champs de suppression des Serviteurs. L'\u00e9conomie de la galaxie est enti\u00e8rement g\u00e9r\u00e9e par les joueurs, qui fabriquent les meilleurs produits. L'\u00e9quilibre \u00e9conomique est pr\u00e9serv\u00e9 gr\u00e2ce aux march\u00e9s locaux.<\/div><\/div><\/div><\/div><\/div><\/div><div class=\"fusion-flip-boxes flip-boxes row fusion-columns-1 flip-effect-3d flip-box\"><div class=\"fusion-flip-box-wrapper fusion-column col-lg-12 col-md-12 col-sm-12\"><div class=\"fusion-flip-box flip-down fusion-animated\" tabindex=\"0\" data-animationtype=\"fadeIn\" data-animationduration=\"0.3\" data-animationoffset=\"top-into-view\"><div class=\"flip-box-inner-wrapper\"><div class=\"flip-box-front\" style=\"--awb-text-front-color:var(--awb-custom_color_6);--awb-background-image-front:url(&#039;https:\/\/starsreach.com\/wp-content\/uploads\/2024\/06\/Stars_Reach_Final.jpg&#039;);\"><div class=\"flip-box-front-inner\"><h2 class=\"flip-box-heading\">DOMINEZ VOTRE PLAN\u00c8TE<\/h2>CLICK TO READ<\/div><\/div><div class=\"flip-box-back\" style=\"--awb-background-color-back:var(--awb-custom_color_4);--awb-background-image-back:url(&#039;https:\/\/starsreach.com\/wp-content\/uploads\/2024\/07\/Flipcard7.jpg&#039;);\"><div class=\"flip-box-back-inner\"><h3 class=\"flip-box-heading-back\">VOUS \u00caTES MAINTENANT PROPRI\u00c9TAIRE D'UNE PLAN\u00c8TE - QU'ALLEZ-VOUS EN FAIRE ?<\/h3>Gagnez de l'exp\u00e9rience en tant que meneur d'hommes - il y a un arbre de comp\u00e9tences en leadership ! Faites-vous \u00e9lire maire d'une ville ou gouverneur d'un monde, ou dirigez l'un des nombreux types de guildes. D\u00e9finissez les lois du pays - votre monde sera-t-il un repaire de pirates avec JcJ ou un havre de paix pour les jeux de r\u00f4le ? Fixez les taux d'imposition et les politiques pour tenter de maintenir votre plan\u00e8te en vie - ou exploitez-la jusqu'\u00e0 la roche et risquez de vous attirer les foudres des serviteurs qui s'occupent du jardin galactique. Les \u00e9toiles vous appartiennent d\u00e9sormais, et c'est \u00e0 vous de d\u00e9cider ce que vous en ferez.<\/p>\n<p><!-- notionvc: a00afb9f-f142-477d-9a0a-355ac0f804e0 --><\/div><\/div><\/div><\/div><\/div><\/div><\/div><\/div><\/div><\/div><\/p>","protected":false},"excerpt":{"rendered":"","protected":false},"author":217806712,"featured_media":0,"parent":0,"menu_order":0,"comment_status":"closed","ping_status":"closed","template":"100-width.php","meta":{"advanced_seo_description":"","jetpack_seo_html_title":"","jetpack_seo_noindex":false,"footnotes":""},"class_list":["post-1176","page","type-page","status-publish","hentry"],"jetpack_likes_enabled":true,"jetpack_sharing_enabled":true,"jetpack_shortlink":"https:\/\/wp.me\/PdLeGO-iY","_links":{"self":[{"href":"https:\/\/starsreach.com\/fr\/wp-json\/wp\/v2\/pages\/1176","targetHints":{"allow":["GET"]}}],"collection":[{"href":"https:\/\/starsreach.com\/fr\/wp-json\/wp\/v2\/pages"}],"about":[{"href":"https:\/\/starsreach.com\/fr\/wp-json\/wp\/v2\/types\/page"}],"author":[{"embeddable":true,"href":"https:\/\/starsreach.com\/fr\/wp-json\/wp\/v2\/users\/217806712"}],"replies":[{"embeddable":true,"href":"https:\/\/starsreach.com\/fr\/wp-json\/wp\/v2\/comments?post=1176"}],"version-history":[{"count":0,"href":"https:\/\/starsreach.com\/fr\/wp-json\/wp\/v2\/pages\/1176\/revisions"}],"wp:attachment":[{"href":"https:\/\/starsreach.com\/fr\/wp-json\/wp\/v2\/media?parent=1176"}],"curies":[{"name":"wp","href":"https:\/\/api.w.org\/{rel}","templated":true}]}}